{"id":47,"date":"2025-08-27T23:32:37","date_gmt":"2025-08-27T23:32:37","guid":{"rendered":"https:\/\/radiobetanzos.com\/?page_id=47"},"modified":"2025-08-30T00:49:02","modified_gmt":"2025-08-30T00:49:02","slug":"rb-producciones","status":"publish","type":"page","link":"https:\/\/radiobetanzos.com\/index.php\/rb-producciones\/","title":{"rendered":"RB PRODUCCIONES"},"content":{"rendered":"\t\t<div data-elementor-type=\"wp-page\" data-elementor-id=\"47\" class=\"elementor elementor-47\" data-elementor-post-type=\"page\">\n\t\t\t\t<div class=\"elementor-element elementor-element-246d5cc e-flex e-con-boxed e-con e-parent\" data-id=\"246d5cc\" data-element_type=\"container\">\n\t\t\t\t\t<div class=\"e-con-inner\">\n\t\t\t\t<div class=\"elementor-element elementor-element-427b16b elementor-widget elementor-widget-image\" data-id=\"427b16b\" data-element_type=\"widget\" data-widget_type=\"image.default\">\n\t\t\t\t\t\t\t\t\t\t\t\t\t\t\t<img fetchpriority=\"high\" decoding=\"async\" width=\"1600\" height=\"592\" src=\"https:\/\/radiobetanzos.com\/wp-content\/uploads\/2025\/08\/1a30d834-764d-4487-9434-c52afb0c39f4.jpeg\" class=\"attachment-full size-full wp-image-773\" alt=\"\" srcset=\"https:\/\/radiobetanzos.com\/wp-content\/uploads\/2025\/08\/1a30d834-764d-4487-9434-c52afb0c39f4.jpeg 1600w, https:\/\/radiobetanzos.com\/wp-content\/uploads\/2025\/08\/1a30d834-764d-4487-9434-c52afb0c39f4-300x111.jpeg 300w, https:\/\/radiobetanzos.com\/wp-content\/uploads\/2025\/08\/1a30d834-764d-4487-9434-c52afb0c39f4-1024x379.jpeg 1024w, https:\/\/radiobetanzos.com\/wp-content\/uploads\/2025\/08\/1a30d834-764d-4487-9434-c52afb0c39f4-768x284.jpeg 768w, https:\/\/radiobetanzos.com\/wp-content\/uploads\/2025\/08\/1a30d834-764d-4487-9434-c52afb0c39f4-1536x568.jpeg 1536w, https:\/\/radiobetanzos.com\/wp-content\/uploads\/2025\/08\/1a30d834-764d-4487-9434-c52afb0c39f4-200x74.jpeg 200w\" sizes=\"(max-width: 1600px) 100vw, 1600px\" \/>\t\t\t\t\t\t\t\t\t\t\t\t\t\t\t<\/div>\n\t\t\t\t\t<\/div>\n\t\t\t\t<\/div>\n\t\t<div class=\"elementor-element elementor-element-3655be6e e-flex e-con-boxed e-con e-parent\" data-id=\"3655be6e\" data-element_type=\"container\" data-settings=\"{&quot;background_background&quot;:&quot;classic&quot;}\">\n\t\t\t\t\t<div class=\"e-con-inner\">\n\t\t<div class=\"elementor-element elementor-element-4ac269d2 e-flex e-con-boxed e-con e-child\" data-id=\"4ac269d2\" data-element_type=\"container\">\n\t\t\t\t\t<div class=\"e-con-inner\">\n\t\t\t\t<div class=\"elementor-element elementor-element-3ddf6399 animated-slow elementor-invisible elementor-widget elementor-widget-heading\" data-id=\"3ddf6399\" data-element_type=\"widget\" data-settings=\"{&quot;_animation&quot;:&quot;slideInUp&quot;}\" data-widget_type=\"heading.default\">\n\t\t\t\t\t<h2 class=\"elementor-heading-title elementor-size-default\">PROFESIONALES A TU SERVICIO<\/h2>\t\t\t\t<\/div>\n\t\t\t\t<div class=\"elementor-element elementor-element-45090f4f animated-slow elementor-invisible elementor-widget elementor-widget-heading\" data-id=\"45090f4f\" data-element_type=\"widget\" data-settings=\"{&quot;_animation&quot;:&quot;slideInUp&quot;}\" data-widget_type=\"heading.default\">\n\t\t\t\t\t<h2 class=\"elementor-heading-title elementor-size-default\">RB PRODUCCIONES<\/h2>\t\t\t\t<\/div>\n\t\t\t\t\t<\/div>\n\t\t\t\t<\/div>\n\t\t<div class=\"elementor-element elementor-element-1c764b67 e-con-full e-flex e-con e-child\" data-id=\"1c764b67\" data-element_type=\"container\">\n\t\t<div class=\"elementor-element elementor-element-35db49ec e-con-full e-flex e-con e-child\" data-id=\"35db49ec\" data-element_type=\"container\">\n\t\t\t\t<div class=\"elementor-element elementor-element-45f7f159 elementor-widget elementor-widget-heading\" data-id=\"45f7f159\" data-element_type=\"widget\" data-widget_type=\"heading.default\">\n\t\t\t\t\t<h3 class=\"elementor-heading-title elementor-size-default\">VIDEO DEMO CESAR RODRIGUEZ 1<\/h3>\t\t\t\t<\/div>\n\t\t\t\t<div class=\"elementor-element elementor-element-79baa88 elementor-widget elementor-widget-video\" data-id=\"79baa88\" data-element_type=\"widget\" data-settings=\"{&quot;video_type&quot;:&quot;hosted&quot;,&quot;controls&quot;:&quot;yes&quot;}\" data-widget_type=\"video.default\">\n\t\t\t\t\t\t\t<div class=\"e-hosted-video elementor-wrapper elementor-open-inline\">\n\t\t\t\t\t<video class=\"elementor-video\" src=\"https:\/\/radiobetanzos.com\/wp-content\/uploads\/2025\/08\/Video-de-WhatsApp-2025-08-29-a-las-18.18.36_c11189c5.mp4\" controls=\"\" preload=\"metadata\" controlsList=\"nodownload\"><\/video>\n\t\t\t\t<\/div>\n\t\t\t\t\t\t<\/div>\n\t\t\t\t<\/div>\n\t\t<div class=\"elementor-element elementor-element-25f3c1b5 e-con-full e-flex e-con e-child\" data-id=\"25f3c1b5\" data-element_type=\"container\">\n\t\t\t\t<div class=\"elementor-element elementor-element-4e67db3c elementor-widget elementor-widget-heading\" data-id=\"4e67db3c\" data-element_type=\"widget\" data-widget_type=\"heading.default\">\n\t\t\t\t\t<h3 class=\"elementor-heading-title elementor-size-default\">VIDEO DEMO CESAR RODRIGUEZ 3<\/h3>\t\t\t\t<\/div>\n\t\t\t\t<div class=\"elementor-element elementor-element-3943628 elementor-widget elementor-widget-video\" data-id=\"3943628\" data-element_type=\"widget\" data-settings=\"{&quot;video_type&quot;:&quot;hosted&quot;,&quot;controls&quot;:&quot;yes&quot;}\" data-widget_type=\"video.default\">\n\t\t\t\t\t\t\t<div class=\"e-hosted-video elementor-wrapper elementor-open-inline\">\n\t\t\t\t\t<video class=\"elementor-video\" src=\"https:\/\/radiobetanzos.com\/wp-content\/uploads\/2025\/08\/Video-de-WhatsApp-2025-08-29-a-las-18.18.36_8e3a06d2.mp4\" controls=\"\" preload=\"metadata\" controlsList=\"nodownload\"><\/video>\n\t\t\t\t<\/div>\n\t\t\t\t\t\t<\/div>\n\t\t\t\t<\/div>\n\t\t<div class=\"elementor-element elementor-element-32097869 e-con-full e-flex e-con e-child\" data-id=\"32097869\" data-element_type=\"container\">\n\t\t\t\t<div class=\"elementor-element elementor-element-3f4d63b5 elementor-widget elementor-widget-heading\" data-id=\"3f4d63b5\" data-element_type=\"widget\" data-widget_type=\"heading.default\">\n\t\t\t\t\t<h3 class=\"elementor-heading-title elementor-size-default\">VIDEO DEMO CESAR RODRIGUEZ 2<\/h3>\t\t\t\t<\/div>\n\t\t\t\t<div class=\"elementor-element elementor-element-daa27eb elementor-widget elementor-widget-video\" data-id=\"daa27eb\" data-element_type=\"widget\" data-settings=\"{&quot;video_type&quot;:&quot;hosted&quot;,&quot;controls&quot;:&quot;yes&quot;}\" data-widget_type=\"video.default\">\n\t\t\t\t\t\t\t<div class=\"e-hosted-video elementor-wrapper elementor-open-inline\">\n\t\t\t\t\t<video class=\"elementor-video\" src=\"https:\/\/radiobetanzos.com\/wp-content\/uploads\/2025\/08\/Video-de-WhatsApp-2025-08-29-a-las-18.18.36_5e16597f.mp4\" controls=\"\" preload=\"metadata\" controlsList=\"nodownload\"><\/video>\n\t\t\t\t<\/div>\n\t\t\t\t\t\t<\/div>\n\t\t\t\t<\/div>\n\t\t\t\t<\/div>\n\t\t\t\t\t<\/div>\n\t\t\t\t<\/div>\n\t\t<div class=\"elementor-element elementor-element-8db3a23 e-flex e-con-boxed e-con e-parent\" data-id=\"8db3a23\" data-element_type=\"container\">\n\t\t\t\t\t<div class=\"e-con-inner\">\n\t\t\t\t<div class=\"elementor-element elementor-element-8247c15 meta-visibility-show section-title-style-style1 title_position_default title_hover_border_default title-default img_hover_animation_default meta_position_default tpg-category-position-default readmore-btn-default-style grid-hover-overlay-type-always grid-hover-overlay-height-default hover-overlay-height-default tpg-border-bottom-disable elementor-widget elementor-widget-tpg-grid-hover-layout\" data-id=\"8247c15\" data-element_type=\"widget\" data-widget_type=\"tpg-grid-hover-layout.default\">\n\t\t\t\t<div class=\"elementor-widget-container\">\n\t\t\t\t\t\n        <div class=\"rt-container-fluid rt-tpg-container tpg-el-main-wrapper grid_hover-layout1-main \"\n             id=\"rt-tpg-container-3479199654\"\n             data-layout=\"grid_hover-layout1\"\n             data-sc-id=\"elementor\"\n             data-el-settings=''\n             data-el-query=''\n             data-el-path=''\n        >\n\t\t\t                <div id=\"bottom-script-loader\" class=\"bottom-script-loader\">\n                    <div class=\"rt-ball-clip-rotate\">\n                        <div><\/div>\n                    <\/div>\n                <\/div>\n\t\t\t\t            <div class='tpg-header-wrapper '>\n\t\t\t\t\n        <div class=\"tpg-widget-heading-wrapper rt-clear heading-style1 \">\n            <span class=\"tpg-widget-heading-line line-left\"><\/span>\n\t\t\t<h2 class='tpg-widget-heading'>\n\t\t\t\n\t\t\t\t                    <span>\n\t\t\t\t\t\t\u00daltimas Noticias\t\t\t\t\t<\/span>\n\t\t\t\t\t\n\t\t\t\t\t\t\t<\/h2>            <span class=\"tpg-widget-heading-line line-right\"><\/span>\n\n\t\t\t\n        <\/div>\n\n\t\t\n\t\t            <\/div>\n\n            <div data-title=\"Loading ...\"\n                 class=\"rt-row rt-content-loader grid_hover-layout1 tpg-even grid-behaviour grid_hover_layout_wrapper\">\n\t\t\t\t\n<div class=\"rt-col-md-4 rt-col-sm-6 rt-col-xs-12 default rt-grid-hover-item rt-grid-item\" data-id=\"87\">\n\t<div class=\"rt-holder tpg-post-holder \">\n\t\t<div class=\"rt-detail rt-el-content-wrapper\">\n\t\t\t\t\t\t\t<div class=\"rt-img-holder tpg-el-image-wrap has-thumbnail\">\n\t\t\t\t\t<a data-id=\"87\" href=\"https:\/\/radiobetanzos.com\/index.php\/2025\/08\/28\/feid-celebra-su-cumpleanos-con-el-lanzamiento-sorpresa-de-se-lo-juro-mor-tras-su-historica-aparicion-en-summer-sonic-festival-2025-en-japon\/\" class=\"tpg-post-link\" target=\"_self\">                        <img decoding=\"async\" src=\"https:\/\/radiobetanzos.com\/wp-content\/uploads\/2025\/08\/Proyecto-nuevo-2025-08-20T085850.257-1024x576-1-768x432.png\"\n                             class=\"rt-img-responsive\"\n                             width=\"640\"\n                             height=\"360\"\n                             alt=\"Feid celebra su cumplea\u00f1os con el lanzamiento sorpresa de \u00abSe Lo Juro Mor\u00bb tras su hist\u00f3rica aparici\u00f3n en Summer Sonic Festival 2025 en Jap\u00f3n\">\n\t\t\t\t\t\t\n\t\t\t\t\t\t\t\n\t\t<\/a>\n\t\t        <div class=\"overlay grid-hover-content\"><\/div>\n\t\t\t\t\t\t<\/div>\n\t\t\t\n\t\t\t<div class=\"grid-hover-content\">\n\t\t\t\t<div class=\"entry-title-wrapper\"><h3 class=\"entry-title\"><a data-id=\"87\" href=\"https:\/\/radiobetanzos.com\/index.php\/2025\/08\/28\/feid-celebra-su-cumpleanos-con-el-lanzamiento-sorpresa-de-se-lo-juro-mor-tras-su-historica-aparicion-en-summer-sonic-festival-2025-en-japon\/\" class=\"tpg-post-link\" target=\"_self\">Feid celebra su cumplea\u00f1os con el lanzamiento sorpresa de \u00abSe Lo Juro Mor\u00bb tras su hist\u00f3rica aparici\u00f3n en Summer Sonic Festival 2025 en Jap\u00f3n<\/a><\/h3><\/div>\n\t\t\t\t\t\t\t\t\t<div class=\"post-meta-tags rt-el-post-meta\">\n\t\t\t\t\t\t            <span class='date'>\n\t\t\t\t<i class='flaticon-calendar '><\/i>\t\t\t\t                    <a href=\"https:\/\/radiobetanzos.com\/index.php\/2025\/08\/28\/\">\n\t\t\t\t\tagosto 28, 2025\t\t\t\t<\/a>\n\t\t\t\t\t\t\t<\/span>\n\t\t\t            <span class='categories-links'>\n\t\t\t\t<i class='flaticon-folder '><\/i><a class=\"musica\" href=\"https:\/\/radiobetanzos.com\/index.php\/category\/musica\/\">M\u00daSICA<\/a>\t\t\t<\/span>\n\t\t\t\t\t\t\t\t<\/div>\n\t\t\t\t\n\t\t\t\t\n\t\t\t\t        <div class=\"post-footer\">\n            <div class=\"post-footer\">\n                <div class=\"read-more\">\n\t\t\t\t\t<a data-id=\"87\" href=\"https:\/\/radiobetanzos.com\/index.php\/2025\/08\/28\/feid-celebra-su-cumpleanos-con-el-lanzamiento-sorpresa-de-se-lo-juro-mor-tras-su-historica-aparicion-en-summer-sonic-festival-2025-en-japon\/\" class=\"tpg-post-link\" target=\"_self\">Leer M\u00e1s...<\/a>                <\/div>\n            <\/div>\n        <\/div>\n\t\t\t\t\t<\/div>\n\t\t<\/div>\n\t<\/div>\n<\/div>\n\n<div class=\"rt-col-md-4 rt-col-sm-6 rt-col-xs-12 default rt-grid-hover-item rt-grid-item\" data-id=\"84\">\n\t<div class=\"rt-holder tpg-post-holder \">\n\t\t<div class=\"rt-detail rt-el-content-wrapper\">\n\t\t\t\t\t\t\t<div class=\"rt-img-holder tpg-el-image-wrap has-thumbnail\">\n\t\t\t\t\t<a data-id=\"84\" href=\"https:\/\/radiobetanzos.com\/index.php\/2025\/08\/28\/pan-con-chicharron-conquista-el-mundial-de-desayunos-y-deja-a-ibai-con-la-boca-abierta\/\" class=\"tpg-post-link\" target=\"_self\">                        <img decoding=\"async\" src=\"https:\/\/radiobetanzos.com\/wp-content\/uploads\/2025\/08\/Proyecto-nuevo-2025-08-21T134414.248-1024x576-1-768x432.png\"\n                             class=\"rt-img-responsive\"\n                             width=\"640\"\n                             height=\"360\"\n                             alt=\"Pan con chicharr\u00f3n conquista el \u2018Mundial de Desayunos\u2019 y deja a Ibai con la boca abierta\">\n\t\t\t\t\t\t\n\t\t\t\t\t\t\t\n\t\t<\/a>\n\t\t        <div class=\"overlay grid-hover-content\"><\/div>\n\t\t\t\t\t\t<\/div>\n\t\t\t\n\t\t\t<div class=\"grid-hover-content\">\n\t\t\t\t<div class=\"entry-title-wrapper\"><h3 class=\"entry-title\"><a data-id=\"84\" href=\"https:\/\/radiobetanzos.com\/index.php\/2025\/08\/28\/pan-con-chicharron-conquista-el-mundial-de-desayunos-y-deja-a-ibai-con-la-boca-abierta\/\" class=\"tpg-post-link\" target=\"_self\">Pan con chicharr\u00f3n conquista el \u2018Mundial de Desayunos\u2019 y deja a Ibai con la boca abierta<\/a><\/h3><\/div>\n\t\t\t\t\t\t\t\t\t<div class=\"post-meta-tags rt-el-post-meta\">\n\t\t\t\t\t\t            <span class='date'>\n\t\t\t\t<i class='flaticon-calendar '><\/i>\t\t\t\t                    <a href=\"https:\/\/radiobetanzos.com\/index.php\/2025\/08\/28\/\">\n\t\t\t\t\tagosto 28, 2025\t\t\t\t<\/a>\n\t\t\t\t\t\t\t<\/span>\n\t\t\t            <span class='categories-links'>\n\t\t\t\t<i class='flaticon-folder '><\/i><a class=\"viral\" href=\"https:\/\/radiobetanzos.com\/index.php\/category\/viral\/\">VIRAL<\/a>\t\t\t<\/span>\n\t\t\t\t\t\t\t\t<\/div>\n\t\t\t\t\n\t\t\t\t\n\t\t\t\t        <div class=\"post-footer\">\n            <div class=\"post-footer\">\n                <div class=\"read-more\">\n\t\t\t\t\t<a data-id=\"84\" href=\"https:\/\/radiobetanzos.com\/index.php\/2025\/08\/28\/pan-con-chicharron-conquista-el-mundial-de-desayunos-y-deja-a-ibai-con-la-boca-abierta\/\" class=\"tpg-post-link\" target=\"_self\">Leer M\u00e1s...<\/a>                <\/div>\n            <\/div>\n        <\/div>\n\t\t\t\t\t<\/div>\n\t\t<\/div>\n\t<\/div>\n<\/div>\n\n<div class=\"rt-col-md-4 rt-col-sm-6 rt-col-xs-12 default rt-grid-hover-item rt-grid-item\" data-id=\"81\">\n\t<div class=\"rt-holder tpg-post-holder \">\n\t\t<div class=\"rt-detail rt-el-content-wrapper\">\n\t\t\t\t\t\t\t<div class=\"rt-img-holder tpg-el-image-wrap has-thumbnail\">\n\t\t\t\t\t<a data-id=\"81\" href=\"https:\/\/radiobetanzos.com\/index.php\/2025\/08\/28\/jean-ferrari-es-el-nuevo-director-general-de-futbol-de-la-fpf-tengo-buena-relacion-con-alianza\/\" class=\"tpg-post-link\" target=\"_self\">                        <img loading=\"lazy\" decoding=\"async\" src=\"https:\/\/radiobetanzos.com\/wp-content\/uploads\/2025\/08\/Proyecto-nuevo-42-1024x576-1-768x432.png\"\n                             class=\"rt-img-responsive\"\n                             width=\"640\"\n                             height=\"360\"\n                             alt=\"Jean Ferrari es el nuevo Director General de F\u00fatbol de la FPF: \u201cTengo buena relaci\u00f3n con Alianza\u201d\">\n\t\t\t\t\t\t\n\t\t\t\t\t\t\t\n\t\t<\/a>\n\t\t        <div class=\"overlay grid-hover-content\"><\/div>\n\t\t\t\t\t\t<\/div>\n\t\t\t\n\t\t\t<div class=\"grid-hover-content\">\n\t\t\t\t<div class=\"entry-title-wrapper\"><h3 class=\"entry-title\"><a data-id=\"81\" href=\"https:\/\/radiobetanzos.com\/index.php\/2025\/08\/28\/jean-ferrari-es-el-nuevo-director-general-de-futbol-de-la-fpf-tengo-buena-relacion-con-alianza\/\" class=\"tpg-post-link\" target=\"_self\">Jean Ferrari es el nuevo Director General de F\u00fatbol de la FPF: \u201cTengo buena relaci\u00f3n con Alianza\u201d<\/a><\/h3><\/div>\n\t\t\t\t\t\t\t\t\t<div class=\"post-meta-tags rt-el-post-meta\">\n\t\t\t\t\t\t            <span class='date'>\n\t\t\t\t<i class='flaticon-calendar '><\/i>\t\t\t\t                    <a href=\"https:\/\/radiobetanzos.com\/index.php\/2025\/08\/28\/\">\n\t\t\t\t\tagosto 28, 2025\t\t\t\t<\/a>\n\t\t\t\t\t\t\t<\/span>\n\t\t\t            <span class='categories-links'>\n\t\t\t\t<i class='flaticon-folder '><\/i><a class=\"deportes\" href=\"https:\/\/radiobetanzos.com\/index.php\/category\/deportes\/\">DEPORTES<\/a>\t\t\t<\/span>\n\t\t\t\t\t\t\t\t<\/div>\n\t\t\t\t\n\t\t\t\t\n\t\t\t\t        <div class=\"post-footer\">\n            <div class=\"post-footer\">\n                <div class=\"read-more\">\n\t\t\t\t\t<a data-id=\"81\" href=\"https:\/\/radiobetanzos.com\/index.php\/2025\/08\/28\/jean-ferrari-es-el-nuevo-director-general-de-futbol-de-la-fpf-tengo-buena-relacion-con-alianza\/\" class=\"tpg-post-link\" target=\"_self\">Leer M\u00e1s...<\/a>                <\/div>\n            <\/div>\n        <\/div>\n\t\t\t\t\t<\/div>\n\t\t<\/div>\n\t<\/div>\n<\/div>\n\n<div class=\"rt-col-md-4 rt-col-sm-6 rt-col-xs-12 default rt-grid-hover-item rt-grid-item\" data-id=\"78\">\n\t<div class=\"rt-holder tpg-post-holder \">\n\t\t<div class=\"rt-detail rt-el-content-wrapper\">\n\t\t\t\t\t\t\t<div class=\"rt-img-holder tpg-el-image-wrap has-thumbnail\">\n\t\t\t\t\t<a data-id=\"78\" href=\"https:\/\/radiobetanzos.com\/index.php\/2025\/08\/28\/mostritos-y-piranas-tuvo-un-gran-estreno-en-gv-play\/\" class=\"tpg-post-link\" target=\"_self\">                        <img loading=\"lazy\" decoding=\"async\" src=\"https:\/\/radiobetanzos.com\/wp-content\/uploads\/2025\/08\/WQ-9-1024x576-1-768x432.png\"\n                             class=\"rt-img-responsive\"\n                             width=\"640\"\n                             height=\"360\"\n                             alt=\"Mostritos y Pira\u00f1as tuvo un gran estreno en GV Play\">\n\t\t\t\t\t\t\n\t\t\t\t\t\t\t\n\t\t<\/a>\n\t\t        <div class=\"overlay grid-hover-content\"><\/div>\n\t\t\t\t\t\t<\/div>\n\t\t\t\n\t\t\t<div class=\"grid-hover-content\">\n\t\t\t\t<div class=\"entry-title-wrapper\"><h3 class=\"entry-title\"><a data-id=\"78\" href=\"https:\/\/radiobetanzos.com\/index.php\/2025\/08\/28\/mostritos-y-piranas-tuvo-un-gran-estreno-en-gv-play\/\" class=\"tpg-post-link\" target=\"_self\">Mostritos y Pira\u00f1as tuvo un gran estreno en GV Play<\/a><\/h3><\/div>\n\t\t\t\t\t\t\t\t\t<div class=\"post-meta-tags rt-el-post-meta\">\n\t\t\t\t\t\t            <span class='date'>\n\t\t\t\t<i class='flaticon-calendar '><\/i>\t\t\t\t                    <a href=\"https:\/\/radiobetanzos.com\/index.php\/2025\/08\/28\/\">\n\t\t\t\t\tagosto 28, 2025\t\t\t\t<\/a>\n\t\t\t\t\t\t\t<\/span>\n\t\t\t            <span class='categories-links'>\n\t\t\t\t<i class='flaticon-folder '><\/i><a class=\"espectaculo\" href=\"https:\/\/radiobetanzos.com\/index.php\/category\/espectaculo\/\">ESPECTACULO<\/a>\t\t\t<\/span>\n\t\t\t\t\t\t\t\t<\/div>\n\t\t\t\t\n\t\t\t\t\n\t\t\t\t        <div class=\"post-footer\">\n            <div class=\"post-footer\">\n                <div class=\"read-more\">\n\t\t\t\t\t<a data-id=\"78\" href=\"https:\/\/radiobetanzos.com\/index.php\/2025\/08\/28\/mostritos-y-piranas-tuvo-un-gran-estreno-en-gv-play\/\" class=\"tpg-post-link\" target=\"_self\">Leer M\u00e1s...<\/a>                <\/div>\n            <\/div>\n        <\/div>\n\t\t\t\t\t<\/div>\n\t\t<\/div>\n\t<\/div>\n<\/div>\n            <\/div>\n\n\t\t\t        <\/div>\n\t\t\t\t\t\t<\/div>\n\t\t\t\t<\/div>\n\t\t\t\t\t<\/div>\n\t\t\t\t<\/div>\n\t\t\t\t<\/div>\n\t\t","protected":false},"excerpt":{"rendered":"<p>PROFESIONALES A TU SERVICIO RB PRODUCCIONES VIDEO DEMO CESAR RODRIGUEZ 1 https:\/\/radiobetanzos.com\/wp-content\/uploads\/2025\/08\/Video-de-WhatsApp-2025-08-29-a-las-18.18.36_c11189c5.mp4 VIDEO DEMO CESAR RODRIGUEZ 3 https:\/\/radiobetanzos.com\/wp-content\/uploads\/2025\/08\/Video-de-WhatsApp-2025-08-29-a-las-18.18.36_8e3a06d2.mp4 VIDEO DEMO CESAR RODRIGUEZ 2 https:\/\/radiobetanzos.com\/wp-content\/uploads\/2025\/08\/Video-de-WhatsApp-2025-08-29-a-las-18.18.36_5e16597f.mp4 \u00daltimas Noticias Feid celebra su cumplea\u00f1os con el lanzamiento sorpresa de \u00abSe Lo Juro Mor\u00bb tras su hist\u00f3rica aparici\u00f3n en Summer Sonic Festival 2025 en Jap\u00f3n &hellip; <\/p>\n","protected":false},"author":1,"featured_media":0,"parent":0,"menu_order":0,"comment_status":"closed","ping_status":"closed","template":"","meta":{"footnotes":""},"class_list":["post-47","page","type-page","status-publish","hentry"],"rttpg_featured_image_url":null,"rttpg_author":{"display_name":"admin","author_link":"https:\/\/radiobetanzos.com\/index.php\/author\/betanzos\/"},"rttpg_comment":0,"rttpg_category":"","rttpg_excerpt":"PROFESIONALES A TU SERVICIO RB PRODUCCIONES VIDEO DEMO CESAR RODRIGUEZ 1 https:\/\/radiobetanzos.com\/wp-content\/uploads\/2025\/08\/Video-de-WhatsApp-2025-08-29-a-las-18.18.36_c11189c5.mp4 VIDEO DEMO CESAR RODRIGUEZ 3 https:\/\/radiobetanzos.com\/wp-content\/uploads\/2025\/08\/Video-de-WhatsApp-2025-08-29-a-las-18.18.36_8e3a06d2.mp4 VIDEO DEMO CESAR RODRIGUEZ 2 https:\/\/radiobetanzos.com\/wp-content\/uploads\/2025\/08\/Video-de-WhatsApp-2025-08-29-a-las-18.18.36_5e16597f.mp4 \u00daltimas Noticias Feid celebra su cumplea\u00f1os con el lanzamiento sorpresa de \u00abSe Lo Juro Mor\u00bb tras su hist\u00f3rica aparici\u00f3n en Summer Sonic Festival 2025 en Jap\u00f3n &hellip;","_links":{"self":[{"href":"https:\/\/radiobetanzos.com\/index.php\/wp-json\/wp\/v2\/pages\/47","targetHints":{"allow":["GET"]}}],"collection":[{"href":"https:\/\/radiobetanzos.com\/index.php\/wp-json\/wp\/v2\/pages"}],"about":[{"href":"https:\/\/radiobetanzos.com\/index.php\/wp-json\/wp\/v2\/types\/page"}],"author":[{"embeddable":true,"href":"https:\/\/radiobetanzos.com\/index.php\/wp-json\/wp\/v2\/users\/1"}],"replies":[{"embeddable":true,"href":"https:\/\/radiobetanzos.com\/index.php\/wp-json\/wp\/v2\/comments?post=47"}],"version-history":[{"count":23,"href":"https:\/\/radiobetanzos.com\/index.php\/wp-json\/wp\/v2\/pages\/47\/revisions"}],"predecessor-version":[{"id":823,"href":"https:\/\/radiobetanzos.com\/index.php\/wp-json\/wp\/v2\/pages\/47\/revisions\/823"}],"wp:attachment":[{"href":"https:\/\/radiobetanzos.com\/index.php\/wp-json\/wp\/v2\/media?parent=47"}],"curies":[{"name":"wp","href":"https:\/\/api.w.org\/{rel}","templated":true}]}}