{"id":43,"date":"2025-08-27T23:31:47","date_gmt":"2025-08-27T23:31:47","guid":{"rendered":"https:\/\/radiobetanzos.com\/?page_id=43"},"modified":"2025-09-09T12:28:26","modified_gmt":"2025-09-09T12:28:26","slug":"musica","status":"publish","type":"page","link":"https:\/\/radiobetanzos.com\/index.php\/musica\/","title":{"rendered":"M\u00daSICA"},"content":{"rendered":"\n<h2 class=\"wp-block-heading\"><a href=\"https:\/\/los40.com\/2025\/09\/09\/aitana-y-kenia-os-tienen-otra-colaboracion-en-camino-se-viene-secuela-de-ex-ex-ex\/\">Aitana y Kenia Os tienen otra colaboraci\u00f3n en camino: \u00bfse viene secuela de \u2018Ex Ex Ex\u2019?<\/a><\/h2>\n\n\n\n<p>La cantante mexicana lo cuenta en su \u00faltima entrevista<\/p>\n\n\n\n<figure class=\"wp-block-image size-full is-resized\"><img fetchpriority=\"high\" decoding=\"async\" width=\"778\" height=\"437\" src=\"https:\/\/radiobetanzos.com\/wp-content\/uploads\/2025\/09\/X47HRHL2FJF45FEZ232VUT66JY.avif\" alt=\"\" class=\"wp-image-1022\" style=\"width:1073px;height:auto\" srcset=\"https:\/\/radiobetanzos.com\/wp-content\/uploads\/2025\/09\/X47HRHL2FJF45FEZ232VUT66JY.avif 778w, https:\/\/radiobetanzos.com\/wp-content\/uploads\/2025\/09\/X47HRHL2FJF45FEZ232VUT66JY-300x169.avif 300w, https:\/\/radiobetanzos.com\/wp-content\/uploads\/2025\/09\/X47HRHL2FJF45FEZ232VUT66JY-768x431.avif 768w, https:\/\/radiobetanzos.com\/wp-content\/uploads\/2025\/09\/X47HRHL2FJF45FEZ232VUT66JY-200x112.avif 200w\" sizes=\"(max-width: 778px) 100vw, 778px\" \/><\/figure>\n\n\n\n<p class=\"has-text-align-center\" style=\"font-size:20px\"><strong>Aitana movi\u00f3 sus fichas para cerrar las colaboraciones que hoy dan forma a&nbsp;<\/strong><em><strong>Cuarto Azul<\/strong><\/em>, un disco en el que cada&nbsp;<em>feat<\/em>&nbsp;ha sido clave para reforzar su salto hacia una propuesta m\u00e1s madura e internacional. Pero, en la industria, nada queda al azar, y parece que la popstar tiene ahora que devolverle el favor a varios de los artistas que le acompa\u00f1aron en este proyecto. Como bien dijo Rosal\u00eda:&nbsp;<em>yo x ti, t\u00fa x m\u00ed<\/em>.&nbsp;<strong>Primero le toc\u00f3 corresponder a Danny Ocean en&nbsp;<\/strong><em><strong>Anoche<\/strong><\/em><strong>, y todo apunta a que el siguiente movimiento ser\u00e1 junto a&nbsp;<\/strong><a href=\"https:\/\/los40.com\/los40\/2023\/03\/12\/los40urban\/1678446920_202034.html\" target=\"_blank\" rel=\"noreferrer noopener\"><strong>Kenia Os<\/strong><\/a>.<\/p>\n\n\n\n<p class=\"has-text-align-center\" style=\"font-size:24px\"><strong>El track n\u00famero 16 de\u00a0<\/strong><em><strong>Cuarto Azul<\/strong><\/em><strong>\u00a0es\u00a0<\/strong><a href=\"https:\/\/los40.com\/2025\/05\/30\/letra-y-significado-de-ex-ex-ex-de-aitana-su-colaboracion-con-kenia-os\/\" target=\"_blank\" rel=\"noreferrer noopener\"><em><strong>Ex Ex Ex<\/strong><\/em><strong>\u00a0junto a la artista mexicana<\/strong><\/a>. Hac\u00eda tiempo que las chicas quer\u00edan colaborar y, finalmente, lleg\u00f3 la oportunidad. \u00bfLa buena noticia? Este trabajo juntas se va a traducir en no una, sino dos canciones, tal y como ha confirmado la propia Kenia. \u201cNos pasamos nuestros n\u00fameros por Instagram. Nos ten\u00edamos ah\u00ed, sab\u00edamos que quer\u00edamos colaborar, pero no encontr\u00e1bamos la canci\u00f3n perfecta\u201d, cuenta en una entrevista. \u201c<strong>Ella me mand\u00f3 esta canci\u00f3n y la verdad es que me gust\u00f3 much\u00edsimo<\/strong>\u201d<\/p>\n\n\n\n<p><strong><br>Aitana movi\u00f3 sus fichas para cerrar las colaboraciones que hoy dan forma a&nbsp;<\/strong><em><strong>Cuarto Azul<\/strong><\/em>, un disco en el que cada&nbsp;<em>feat<\/em>&nbsp;ha sido clave para reforzar su salto hacia una propuesta m\u00e1s madura e internacional. Pero, en la industria, nada queda al azar, y parece que la popstar tiene ahora que devolverle el favor a varios de los artistas que le acompa\u00f1aron en este proyecto. Como bien dijo Rosal\u00eda:&nbsp;<em>yo x ti, t\u00fa x m\u00ed<\/em>.&nbsp;<strong>Primero le toc\u00f3 corresponder a Danny Ocean en&nbsp;<\/strong><em><strong>Anoche<\/strong><\/em><strong>, y todo apunta a que el siguiente movimiento ser\u00e1 junto a&nbsp;<\/strong><a href=\"https:\/\/los40.com\/los40\/2023\/03\/12\/los40urban\/1678446920_202034.html\" target=\"_blank\" rel=\"noreferrer noopener\"><strong>Kenia Os<\/strong><\/a>.<\/p>\n\n\n\n<figure class=\"wp-block-embed\"><div class=\"wp-block-embed__wrapper\">\nhttps:\/\/embed.music.apple.com\/es\/song\/ex-ex-ex\/1814146676\n<\/div><\/figure>\n\n\n\n<p><strong>El track n\u00famero 16 de&nbsp;<\/strong><em><strong>Cuarto Azul<\/strong><\/em><strong>&nbsp;es&nbsp;<\/strong><a href=\"https:\/\/los40.com\/2025\/05\/30\/letra-y-significado-de-ex-ex-ex-de-aitana-su-colaboracion-con-kenia-os\/\" target=\"_blank\" rel=\"noreferrer noopener\"><em><strong>Ex Ex Ex<\/strong><\/em><strong>&nbsp;junto a la artista mexicana<\/strong><\/a>. Hac\u00eda tiempo que las chicas quer\u00edan colaborar y, finalmente, lleg\u00f3 la oportunidad. \u00bfLa buena noticia? Este trabajo juntas se va a traducir en no una, sino dos canciones, tal y como ha confirmado la propia Kenia. \u201cNos pasamos nuestros n\u00fameros por Instagram. Nos ten\u00edamos ah\u00ed, sab\u00edamos que quer\u00edamos colaborar, pero no encontr\u00e1bamos la canci\u00f3n perfecta\u201d, cuenta en una entrevista. \u201c<strong>Ella me mand\u00f3 esta canci\u00f3n y la verdad es que me gust\u00f3 much\u00edsimo<\/strong>\u201d.<\/p>\n\n\n\n<p>Poco despu\u00e9s, Kenia OS, que est\u00e1 de promoci\u00f3n por el estreno de su documental,&nbsp;<em>La OG<\/em>, confirma que Aitana y ella est\u00e1n trabajando en otra colaboraci\u00f3n, esta vez para el nuevo disco de la latina: \u201c<strong>Estamos trabajando en algo para mi pr\u00f3ximo proyecto, que me emociona mucho<\/strong>\u201d, desvela. \u201cAitana es una artista incre\u00edble. Me gust\u00f3 mucho su nuevo \u00e1lbum. Es muy amable y fue muy f\u00e1cil trabajar con ella\u201d.<\/p>\n\n\n\n<h3 class=\"wp-block-heading\"><strong>&#8216;Anoche&#8217; con Danny Ocean<\/strong><\/h3>\n\n\n\n<p class=\"has-text-align-center\" style=\"font-size:19px\">La colaboraci\u00f3n entre\u00a0<a href=\"https:\/\/los40.com\/2025\/07\/29\/aitana-le-devuelve-la-colaboracion-a-danny-ocean-anoche\/\" target=\"_blank\" rel=\"noreferrer noopener\">Aitana y Danny Ocean en\u00a0<em>Anoche<\/em><\/a>\u00a0fue publicada el pasado 30 de julio y representa el reencuentro entre los artistas despu\u00e9s de\u00a0<a href=\"https:\/\/los40.com\/2025\/05\/30\/letra-y-significado-de-hoy-es-tu-cumpleanos-de-aitana-ft-danny-ocean\/\" target=\"_blank\" rel=\"noreferrer noopener\"><em>Hoy es tu cumplea\u00f1os<\/em><\/a>. En esta ocasi\u00f3n, sin embargo, la catalana aporta su caracter\u00edstico timbre dulce en un tema en el que Ocean experimenta de lleno con el afrobeat. El feat forma parte de\u00a0<em>Babylon Club<\/em>, que ya suma m\u00e1s de 6 millones de streams en Spotify.<\/p>\n\n\n\n<figure class=\"wp-block-embed is-type-video is-provider-youtube wp-block-embed-youtube wp-embed-aspect-16-9 wp-has-aspect-ratio\"><div class=\"wp-block-embed__wrapper\">\n<iframe title=\"Danny Ocean x Aitana - Anoche (VISUALIZER)\" width=\"640\" height=\"360\" src=\"https:\/\/www.youtube.com\/embed\/QM9BV_3WpbQ?start=88&#038;feature=oembed\" frameborder=\"0\" allow=\"accelerometer; autoplay; clipboard-write; encrypted-media; gyroscope; picture-in-picture; web-share\" referrerpolicy=\"strict-origin-when-cross-origin\" allowfullscreen><\/iframe>\n<\/div><\/figure>\n","protected":false},"excerpt":{"rendered":"<p>Aitana y Kenia Os tienen otra colaboraci\u00f3n en camino: \u00bfse viene secuela de \u2018Ex Ex Ex\u2019? La cantante mexicana lo cuenta en su \u00faltima entrevista Aitana movi\u00f3 sus fichas para cerrar las colaboraciones que hoy dan forma a&nbsp;Cuarto Azul, un disco en el que cada&nbsp;feat&nbsp;ha sido clave para reforzar su &hellip; <\/p>\n","protected":false},"author":1,"featured_media":0,"parent":0,"menu_order":0,"comment_status":"closed","ping_status":"closed","template":"","meta":{"footnotes":""},"class_list":["post-43","page","type-page","status-publish","hentry"],"rttpg_featured_image_url":null,"rttpg_author":{"display_name":"admin","author_link":"https:\/\/radiobetanzos.com\/index.php\/author\/betanzos\/"},"rttpg_comment":0,"rttpg_category":null,"rttpg_excerpt":"Aitana y Kenia Os tienen otra colaboraci\u00f3n en camino: \u00bfse viene secuela de \u2018Ex Ex Ex\u2019? La cantante mexicana lo cuenta en su \u00faltima entrevista Aitana movi\u00f3 sus fichas para cerrar las colaboraciones que hoy dan forma a&nbsp;Cuarto Azul, un disco en el que cada&nbsp;feat&nbsp;ha sido clave para reforzar su &hellip;","_links":{"self":[{"href":"https:\/\/radiobetanzos.com\/index.php\/wp-json\/wp\/v2\/pages\/43","targetHints":{"allow":["GET"]}}],"collection":[{"href":"https:\/\/radiobetanzos.com\/index.php\/wp-json\/wp\/v2\/pages"}],"about":[{"href":"https:\/\/radiobetanzos.com\/index.php\/wp-json\/wp\/v2\/types\/page"}],"author":[{"embeddable":true,"href":"https:\/\/radiobetanzos.com\/index.php\/wp-json\/wp\/v2\/users\/1"}],"replies":[{"embeddable":true,"href":"https:\/\/radiobetanzos.com\/index.php\/wp-json\/wp\/v2\/comments?post=43"}],"version-history":[{"count":3,"href":"https:\/\/radiobetanzos.com\/index.php\/wp-json\/wp\/v2\/pages\/43\/revisions"}],"predecessor-version":[{"id":1025,"href":"https:\/\/radiobetanzos.com\/index.php\/wp-json\/wp\/v2\/pages\/43\/revisions\/1025"}],"wp:attachment":[{"href":"https:\/\/radiobetanzos.com\/index.php\/wp-json\/wp\/v2\/media?parent=43"}],"curies":[{"name":"wp","href":"https:\/\/api.w.org\/{rel}","templated":true}]}}