{"id":37,"date":"2025-08-27T23:30:53","date_gmt":"2025-08-27T23:30:53","guid":{"rendered":"https:\/\/radiobetanzos.com\/?page_id=37"},"modified":"2025-09-01T22:48:45","modified_gmt":"2025-09-01T22:48:45","slug":"category-deportes","status":"publish","type":"page","link":"https:\/\/radiobetanzos.com\/index.php\/category-deportes\/","title":{"rendered":"DEPORTES"},"content":{"rendered":"\t\t<div data-elementor-type=\"wp-page\" data-elementor-id=\"37\" class=\"elementor elementor-37\" data-elementor-post-type=\"page\">\n\t\t\t\t<div class=\"elementor-element elementor-element-6efb8f1 e-flex e-con-boxed e-con e-parent\" data-id=\"6efb8f1\" data-element_type=\"container\">\n\t\t\t\t\t<div class=\"e-con-inner\">\n\t\t\t\t<div class=\"elementor-element elementor-element-5ebc924 meta-visibility-show section-title-style-style1 title_position_default title_hover_border_default title-default img_hover_animation_default meta_position_default tpg-category-position-default readmore-btn-default-style grid-hover-overlay-type-always tpg-el-box-border-enable tpg-border-bottom-disable elementor-widget elementor-widget-tpg-grid-layout\" data-id=\"5ebc924\" data-element_type=\"widget\" data-widget_type=\"tpg-grid-layout.default\">\n\t\t\t\t<div class=\"elementor-widget-container\">\n\t\t\t\t\t\t\t<div class=\"rt-container-fluid rt-tpg-container tpg-el-main-wrapper clearfix grid-layout1-main \"\n\t\t\t id=\"rt-tpg-container-1743665254\"\n\t\t\t data-layout=\"grid-layout1\"\n\t\t\t data-grid-style=\"tpg-full-height\"\n\t\t\t data-sc-id=\"elementor\"\n\t\t\t data-el-settings=''\n\t\t\t data-el-query=''\n\t\t\t data-el-path=''\n\t\t>\n\t\t\t\t\t\t\t<div id=\"bottom-script-loader\" class=\"bottom-script-loader\">\n\t\t\t\t\t<div class=\"rt-ball-clip-rotate\">\n\t\t\t\t\t\t<div><\/div>\n\t\t\t\t\t<\/div>\n\t\t\t\t<\/div>\n\t\t\t\t\t\t\t<div class='tpg-header-wrapper '>\n\t\t\t\t\n        <div class=\"tpg-widget-heading-wrapper rt-clear heading-style1 \">\n            <span class=\"tpg-widget-heading-line line-left\"><\/span>\n\t\t\t<h2 class='tpg-widget-heading'>\n\t\t\t\n\t\t\t\t                    <span>\n\t\t\t\t\t\tDeportes\t\t\t\t\t<\/span>\n\t\t\t\t\t\n\t\t\t\t\t\t\t<\/h2>            <span class=\"tpg-widget-heading-line line-right\"><\/span>\n\n\t\t\t\n        <\/div>\n\n\t\t\n\t\t\t\t\t<\/div>\n\n\t\t\t<div data-title=\"Loading ...\" class=\"rt-row rt-content-loader grid-layout1 grid-behaviour tpg-full-height grid_layout_wrapper\">\n\t\t\t\t<div class=\"rt-col-md-4 rt-col-sm-6 rt-col-xs-12 default rt-grid-item post-81 post type-post status-publish format-standard has-post-thumbnail hentry category-deportes\"        data-id=\"81\">\n    <div class=\"rt-holder tpg-post-holder \">\n        <div class=\"rt-detail rt-el-content-wrapper\">\n\t\t\t                <div class=\"rt-img-holder tpg-el-image-wrap has-thumbnail\">\n\t\t\t\t\t<a data-id=\"81\" href=\"https:\/\/radiobetanzos.com\/index.php\/2025\/08\/28\/jean-ferrari-es-el-nuevo-director-general-de-futbol-de-la-fpf-tengo-buena-relacion-con-alianza\/\" class=\"tpg-post-link\" target=\"_self\">                        <img fetchpriority=\"high\" decoding=\"async\" src=\"https:\/\/radiobetanzos.com\/wp-content\/uploads\/2025\/08\/Proyecto-nuevo-42-1024x576-1-768x432.png\"\n                             class=\"rt-img-responsive\"\n                             width=\"640\"\n                             height=\"360\"\n                             alt=\"Jean Ferrari es el nuevo Director General de F\u00fatbol de la FPF: \u201cTengo buena relaci\u00f3n con Alianza\u201d\">\n\t\t\t\t\t\t\n\t\t\t\t\t\t\t\n\t\t<\/a>\n\t\t        <div class=\"overlay grid-hover-content\"><\/div>\n\t\t                <\/div>\n\t\t\t\n\t\t\t<div class=\"entry-title-wrapper\"><h3 class=\"entry-title\"><a data-id=\"81\" href=\"https:\/\/radiobetanzos.com\/index.php\/2025\/08\/28\/jean-ferrari-es-el-nuevo-director-general-de-futbol-de-la-fpf-tengo-buena-relacion-con-alianza\/\" class=\"tpg-post-link\" target=\"_self\">Jean Ferrari es el nuevo Director General de F\u00fatbol de la FPF: \u201cTengo buena relaci\u00f3n con Alianza\u201d<\/a><\/h3><\/div>\n\t\t\t                <div class=\"post-meta-tags rt-el-post-meta\">\n\t\t\t\t\t            <span class='date'>\n\t\t\t\t<i class='flaticon-calendar '><\/i>\t\t\t\t                    <a href=\"https:\/\/radiobetanzos.com\/index.php\/2025\/08\/28\/\">\n\t\t\t\t\tagosto 28, 2025\t\t\t\t<\/a>\n\t\t\t\t\t\t\t<\/span>\n\t\t\t            <span class='categories-links'>\n\t\t\t\t<i class='flaticon-folder '><\/i><a class=\"deportes\" href=\"https:\/\/radiobetanzos.com\/index.php\/category\/deportes\/\">DEPORTES<\/a>\t\t\t<\/span>\n\t\t\t                <\/div>\n\t\t\t\n\n\t\t\t                <div class=\"tpg-excerpt tpg-el-excerpt\">\n\t\t\t\t\t                        <div class=\"tpg-excerpt-inner\">\n\t\t\t\t\t\t\tJean Ferrarifue presentado como el flamante Director General de F\u00fatbol de la Federaci\u00f3n Peruana de F\u00fatbol (FPF), en una conferencia de prensa encabezada por Agust\u00edn Lozano. Con esta designaci\u00f3n, el...                        <\/div>\n\t\t\t\t\t\t\t\t\t\t                <\/div>\n\t\t\t\n\t\t\t        <div class=\"post-footer\">\n            <div class=\"post-footer\">\n                <div class=\"read-more\">\n\t\t\t\t\t<a data-id=\"81\" href=\"https:\/\/radiobetanzos.com\/index.php\/2025\/08\/28\/jean-ferrari-es-el-nuevo-director-general-de-futbol-de-la-fpf-tengo-buena-relacion-con-alianza\/\" class=\"tpg-post-link\" target=\"_self\">Read More<\/a>                <\/div>\n            <\/div>\n        <\/div>\n\t\t        <\/div>\n    <\/div>\n<\/div>\n\t\t\t<\/div>\n\t\t\t\n\t\t<\/div>\n\t\t\t\t\t\t<\/div>\n\t\t\t\t<\/div>\n\t\t\t\t\t<\/div>\n\t\t\t\t<\/div>\n\t\t\t\t<\/div>\n\t\t","protected":false},"excerpt":{"rendered":"<p>Deportes Jean Ferrari es el nuevo Director General de F\u00fatbol de la FPF: \u201cTengo buena relaci\u00f3n con Alianza\u201d agosto 28, 2025 DEPORTES Jean Ferrarifue presentado como el flamante Director General de F\u00fatbol de la Federaci\u00f3n Peruana de F\u00fatbol (FPF), en una conferencia de prensa encabezada por Agust\u00edn Lozano. Con esta &hellip; <\/p>\n","protected":false},"author":1,"featured_media":0,"parent":0,"menu_order":0,"comment_status":"closed","ping_status":"closed","template":"","meta":{"footnotes":""},"class_list":["post-37","page","type-page","status-publish","hentry"],"rttpg_featured_image_url":null,"rttpg_author":{"display_name":"admin","author_link":"https:\/\/radiobetanzos.com\/index.php\/author\/betanzos\/"},"rttpg_comment":0,"rttpg_category":"","rttpg_excerpt":"Deportes Jean Ferrari es el nuevo Director General de F\u00fatbol de la FPF: \u201cTengo buena relaci\u00f3n con Alianza\u201d agosto 28, 2025 DEPORTES Jean Ferrarifue presentado como el flamante Director General de F\u00fatbol de la Federaci\u00f3n Peruana de F\u00fatbol (FPF), en una conferencia de prensa encabezada por Agust\u00edn Lozano. Con esta &hellip;","_links":{"self":[{"href":"https:\/\/radiobetanzos.com\/index.php\/wp-json\/wp\/v2\/pages\/37","targetHints":{"allow":["GET"]}}],"collection":[{"href":"https:\/\/radiobetanzos.com\/index.php\/wp-json\/wp\/v2\/pages"}],"about":[{"href":"https:\/\/radiobetanzos.com\/index.php\/wp-json\/wp\/v2\/types\/page"}],"author":[{"embeddable":true,"href":"https:\/\/radiobetanzos.com\/index.php\/wp-json\/wp\/v2\/users\/1"}],"replies":[{"embeddable":true,"href":"https:\/\/radiobetanzos.com\/index.php\/wp-json\/wp\/v2\/comments?post=37"}],"version-history":[{"count":5,"href":"https:\/\/radiobetanzos.com\/index.php\/wp-json\/wp\/v2\/pages\/37\/revisions"}],"predecessor-version":[{"id":856,"href":"https:\/\/radiobetanzos.com\/index.php\/wp-json\/wp\/v2\/pages\/37\/revisions\/856"}],"wp:attachment":[{"href":"https:\/\/radiobetanzos.com\/index.php\/wp-json\/wp\/v2\/media?parent=37"}],"curies":[{"name":"wp","href":"https:\/\/api.w.org\/{rel}","templated":true}]}}