{"id":35,"date":"2025-08-27T23:30:30","date_gmt":"2025-08-27T23:30:30","guid":{"rendered":"https:\/\/radiobetanzos.com\/?page_id=35"},"modified":"2025-09-09T12:20:18","modified_gmt":"2025-09-09T12:20:18","slug":"index-php-espectaculo","status":"publish","type":"page","link":"https:\/\/radiobetanzos.com\/index.php\/index-php-espectaculo\/","title":{"rendered":"ESPECT\u00c1CULO"},"content":{"rendered":"\n<p class=\"has-huge-font-size\"><strong>Ana Mena vuelve a los escenarios con un concierto \u00fanico en Madrid este 2025: fecha, entradas y detalles<\/strong><\/p>\n\n\n\n<p class=\"has-text-align-center has-large-font-size\">La artista se convierte en la madrina de la primera edici\u00f3n del Topali Fest,un festival por el D\u00eda de los Muertos<\/p>\n\n\n\n<figure class=\"wp-block-image size-large\"><img fetchpriority=\"high\" decoding=\"async\" width=\"1024\" height=\"464\" src=\"https:\/\/radiobetanzos.com\/wp-content\/uploads\/2025\/09\/SYEP4IZJZ5HNXIZZYI3LU2P4KI-1024x464.avif\" alt=\"\" class=\"wp-image-1020\" srcset=\"https:\/\/radiobetanzos.com\/wp-content\/uploads\/2025\/09\/SYEP4IZJZ5HNXIZZYI3LU2P4KI-1024x464.avif 1024w, https:\/\/radiobetanzos.com\/wp-content\/uploads\/2025\/09\/SYEP4IZJZ5HNXIZZYI3LU2P4KI-300x136.avif 300w, https:\/\/radiobetanzos.com\/wp-content\/uploads\/2025\/09\/SYEP4IZJZ5HNXIZZYI3LU2P4KI-768x348.avif 768w, https:\/\/radiobetanzos.com\/wp-content\/uploads\/2025\/09\/SYEP4IZJZ5HNXIZZYI3LU2P4KI-200x91.avif 200w, https:\/\/radiobetanzos.com\/wp-content\/uploads\/2025\/09\/SYEP4IZJZ5HNXIZZYI3LU2P4KI.avif 1200w\" sizes=\"(max-width: 1024px) 100vw, 1024px\" \/><\/figure>\n\n\n\n<p>Tenemos ganas de ver a&nbsp;<strong>Ana Mena<\/strong>&nbsp;sobre el escenario, m\u00e1s a\u00fan despu\u00e9s de la ic\u00f3nica gira que se marc\u00f3 con su&nbsp;<em>Bellodrama Tour&nbsp;<\/em>y&nbsp;<a href=\"https:\/\/los40.com\/2025\/08\/30\/desde-malaga-pal-mundo-nunca-tuvo-tanto-sentido-ana-mena-cumple-un-sueno-y-hace-historia-en-japon\/\" target=\"_blank\" rel=\"noreferrer noopener\">tras conquistar Jap\u00f3n hace unas semanas<\/a>. No tendremos que esperar mucho: la estrella del pop espa\u00f1ol ha anunciado&nbsp;<strong>un concierto sorpresa para el pr\u00f3ximo 31 de octubre en el IFEMA de Madrid<\/strong>, como parte de la celebraci\u00f3n del D\u00eda de los Muertos en la capital. No ser\u00e1 un show cualquiera: ser\u00e1 una experiencia sensorial que mezclar\u00e1 m\u00fasica, tradici\u00f3n mexicana y el esp\u00edritu festivo de Halloween.<\/p>\n\n\n\n<p>As\u00ed lo ha anunciado ella misma en sus redes sociales con un breve, pero electrizante mensaje: \u00abMadrid, \u00a1me apetece hacer un show! \u00bfNos vemos?\u00bb, escrib\u00eda sobre el cartel del&nbsp;<em>Topali Fest.<\/em><\/p>\n\n\n\n<p><\/p>\n","protected":false},"excerpt":{"rendered":"<p>Ana Mena vuelve a los escenarios con un concierto \u00fanico en Madrid este 2025: fecha, entradas y detalles La artista se convierte en la madrina de la primera edici\u00f3n del Topali Fest,un festival por el D\u00eda de los Muertos Tenemos ganas de ver a&nbsp;Ana Mena&nbsp;sobre el escenario, m\u00e1s a\u00fan despu\u00e9s &hellip; <\/p>\n","protected":false},"author":1,"featured_media":0,"parent":0,"menu_order":0,"comment_status":"closed","ping_status":"closed","template":"","meta":{"footnotes":""},"class_list":["post-35","page","type-page","status-publish","hentry"],"rttpg_featured_image_url":null,"rttpg_author":{"display_name":"admin","author_link":"https:\/\/radiobetanzos.com\/index.php\/author\/betanzos\/"},"rttpg_comment":0,"rttpg_category":null,"rttpg_excerpt":"Ana Mena vuelve a los escenarios con un concierto \u00fanico en Madrid este 2025: fecha, entradas y detalles La artista se convierte en la madrina de la primera edici\u00f3n del Topali Fest,un festival por el D\u00eda de los Muertos Tenemos ganas de ver a&nbsp;Ana Mena&nbsp;sobre el escenario, m\u00e1s a\u00fan despu\u00e9s &hellip;","_links":{"self":[{"href":"https:\/\/radiobetanzos.com\/index.php\/wp-json\/wp\/v2\/pages\/35","targetHints":{"allow":["GET"]}}],"collection":[{"href":"https:\/\/radiobetanzos.com\/index.php\/wp-json\/wp\/v2\/pages"}],"about":[{"href":"https:\/\/radiobetanzos.com\/index.php\/wp-json\/wp\/v2\/types\/page"}],"author":[{"embeddable":true,"href":"https:\/\/radiobetanzos.com\/index.php\/wp-json\/wp\/v2\/users\/1"}],"replies":[{"embeddable":true,"href":"https:\/\/radiobetanzos.com\/index.php\/wp-json\/wp\/v2\/comments?post=35"}],"version-history":[{"count":3,"href":"https:\/\/radiobetanzos.com\/index.php\/wp-json\/wp\/v2\/pages\/35\/revisions"}],"predecessor-version":[{"id":1021,"href":"https:\/\/radiobetanzos.com\/index.php\/wp-json\/wp\/v2\/pages\/35\/revisions\/1021"}],"wp:attachment":[{"href":"https:\/\/radiobetanzos.com\/index.php\/wp-json\/wp\/v2\/media?parent=35"}],"curies":[{"name":"wp","href":"https:\/\/api.w.org\/{rel}","templated":true}]}}